{"id":2,"date":"2009-02-14T00:35:25","date_gmt":"2009-02-14T03:35:25","guid":{"rendered":"http:\/\/www.legaleslaplata.com.ar\/wordpress\/?page_id=2"},"modified":"2025-12-08T11:11:27","modified_gmt":"2025-12-08T14:11:27","slug":"informacion","status":"publish","type":"page","link":"https:\/\/www.legaleslaplata.com.ar\/blog\/informacion\/","title":{"rendered":"Informaci\u00f3n &#8211; Contacto"},"content":{"rendered":"<p style=\"text-align: center;\"><span style=\"color: #800000;\"><strong>Bienvenidos al blog del Estudio Jur\u00eddico Legaleslaplata.<\/strong><\/span><\/p>\n<p style=\"text-align: justify;\">Somos un Estudio Jur\u00eddico formado por profesionales serios, honestos y con una visi\u00f3n innovadora y actitud proactiva en la soluci\u00f3n de sus inconvenientes.<\/p>\n<p style=\"text-align: justify;\">Nuestro prop\u00f3sito es proporcionar un an\u00e1lisis profundo de la problem\u00e1tica tra\u00edda a examen, brindando una soluci\u00f3n integral para nuestros clientes.<\/p>\n<p style=\"text-align: justify;\">La raz\u00f3n para elegirnos&#8230; porque simplemente contamos con la calidez humana distintiva, la solidez de la experiencia y la din\u00e1mica necesaria para responder a las exigencias jur\u00eddicas actuales.<\/p>\n<p style=\"text-align: justify;\">As\u00ed nos erigimos como uno de los pocos estudios de la ciudad de La Plata especializado en Derecho Previsional Docente.<\/p>\n<p style=\"text-align: justify;\">Nuestra prioridad es la total satisfacci\u00f3n de nuestros clientes. A esos efectos, ud. siempre ser\u00e1 atendido por un profesional serio y comprometido que lo asistir\u00e1 y\/o asesorar\u00e1 en todos sus asuntos.<\/p>\n<p style=\"text-align: center;\"><span style=\"color: #800000;\"><strong>Comparta con nosotros sus inquietudes.<\/strong><\/span><\/p>\n<p style=\"text-align: justify;\">Si quiere compartir alguna nota o tema especial, env\u00edenos su publicaci\u00f3n con sus datos al e-mail: legaleslaplata@yahoo.com.ar<\/p>\n<p style=\"text-align: left;\">DIRECCI\u00d3N:\u00a0 <strong>calle 63 n\u00ba 1579 1\/2\u00a0 <\/strong>e\/26 y 27 &#8211; La Plata. Bs.As.<\/p>\n<p style=\"text-align: left;\"><strong>Cel: 221-4771376 <\/strong><\/p>\n<p style=\"text-align: left;\"><strong>Horarios de Atenci\u00f3n:<\/strong> Lunes a Viernes 9 a 15 hs<\/p>\n<p style=\"text-align: left;\">En Facebook: <a title=\"Facebook\" href=\"http:\/\/www.facebook.com\/legaleslaplata\" target=\"_blank\" rel=\"noopener noreferrer\">facebook.com\/legaleslaplata<\/a><\/p>\n<p style=\"text-align: left;\">En Youtube: <a title=\"Videos En Youtube\" href=\"http:\/\/www.youtube.com\/user\/legaleslaplata\" target=\"_blank\" rel=\"noopener noreferrer\">youtube.com\/user\/legaleslaplata<\/a><\/p>\n<p style=\"text-align: left;\">WhatsApp: <strong>+54 9221 4771376<\/strong><\/p>\n<div class=\"mapouter\">\n<div class=\"gmap_canvas\"><iframe loading=\"lazy\" id=\"gmap_canvas\" src=\"https:\/\/maps.google.com\/maps?q=2%20309%20la%20plata&amp;t=&amp;z=15&amp;ie=UTF8&amp;iwloc=&amp;output=embed\" width=\"500\" height=\"500\" frameborder=\"0\" marginwidth=\"0\" marginheight=\"0\" scrolling=\"no\"><\/iframe><a href=\"https:\/\/elegantcoupons.com\/divi-discount\/\">elegant themes discount<\/a><\/div>\n<style>.mapouter{position:relative;text-align:right;height:500px;width:500px;}.gmap_canvas {overflow:hidden;background:none!important;height:500px;width:500px;}<\/style>\n<\/div>\n<p style=\"text-align: left;\"><span style=\"color: #800000;\"><strong><em>Dra. Mar\u00eda Micaela Lazzatti<\/em><\/strong><\/span><\/p>\n<p style=\"text-align: justify;\">Muchas Gracias.<\/p>\n","protected":false},"excerpt":{"rendered":"<p>Bienvenidos al blog del Estudio Jur\u00eddico Legaleslaplata. Somos un Estudio Jur\u00eddico formado por profesionales serios, honestos y con una visi\u00f3n innovadora y actitud proactiva en la soluci\u00f3n de sus inconvenientes. Nuestro prop\u00f3sito es proporcionar un an\u00e1lisis profundo de la problem\u00e1tica tra\u00edda a examen, brindando una soluci\u00f3n integral para nuestros clientes. La raz\u00f3n para elegirnos&#8230; porque &hellip; <a href=\"https:\/\/www.legaleslaplata.com.ar\/blog\/informacion\/\" class=\"more-link\">Sigue leyendo <span class=\"screen-reader-text\">Informaci\u00f3n &#8211; Contacto<\/span><\/a><\/p>\n","protected":false},"author":1,"featured_media":0,"parent":0,"menu_order":0,"comment_status":"closed","ping_status":"closed","template":"","meta":{"footnotes":""},"class_list":["post-2","page","type-page","status-publish","hentry"],"_links":{"self":[{"href":"https:\/\/www.legaleslaplata.com.ar\/blog\/wp-json\/wp\/v2\/pages\/2","targetHints":{"allow":["GET"]}}],"collection":[{"href":"https:\/\/www.legaleslaplata.com.ar\/blog\/wp-json\/wp\/v2\/pages"}],"about":[{"href":"https:\/\/www.legaleslaplata.com.ar\/blog\/wp-json\/wp\/v2\/types\/page"}],"author":[{"embeddable":true,"href":"https:\/\/www.legaleslaplata.com.ar\/blog\/wp-json\/wp\/v2\/users\/1"}],"replies":[{"embeddable":true,"href":"https:\/\/www.legaleslaplata.com.ar\/blog\/wp-json\/wp\/v2\/comments?post=2"}],"version-history":[{"count":17,"href":"https:\/\/www.legaleslaplata.com.ar\/blog\/wp-json\/wp\/v2\/pages\/2\/revisions"}],"predecessor-version":[{"id":1987,"href":"https:\/\/www.legaleslaplata.com.ar\/blog\/wp-json\/wp\/v2\/pages\/2\/revisions\/1987"}],"wp:attachment":[{"href":"https:\/\/www.legaleslaplata.com.ar\/blog\/wp-json\/wp\/v2\/media?parent=2"}],"curies":[{"name":"wp","href":"https:\/\/api.w.org\/{rel}","templated":true}]}}