{"id":1907,"date":"2024-04-30T14:35:51","date_gmt":"2024-04-30T17:35:51","guid":{"rendered":"https:\/\/www.legaleslaplata.com.ar\/blog\/?page_id=1907"},"modified":"2024-04-30T14:35:51","modified_gmt":"2024-04-30T17:35:51","slug":"jubilacion-digital-docente","status":"publish","type":"page","link":"https:\/\/www.legaleslaplata.com.ar\/blog\/jubilacion-digital-docente\/","title":{"rendered":"JUBILACI\u00d3N DIGITAL DOCENTE."},"content":{"rendered":"\n<p>NUEVO SERVICIO PARA DOCENTES QUE DESEEN TRAMITAR SU JUBILACI\u00d3N.<\/p>\n\n\n\n<p>Nos enorgullece lanzar en exclusiva un SERVICIO INTEGRAL dise\u00f1ado espec\u00edficamente para aquellos docentes que desean llevar adelante su tr\u00e1mite jubilatorio de forma aut\u00f3noma pero eficiente. <\/p>\n\n\n\n<p>Este servicio no solo se limita a brindarte asesoramiento personalizado, sino que tambi\u00e9n incluye una entrevista detallada con nuestro equipo experto, cuyo principal objetivo es  resolver todas tus dudas y proporcionarte una gu\u00eda completa sobre el proceso a seguir.<\/p>\n\n\n\n<p>Lo m\u00e1s innovador de este servicio es que ahora te ofrecemos la posibilidad de que te asistamos en la preparaci\u00f3n de toda la documentaci\u00f3n necesaria para tu jubilaci\u00f3n. Desde la recopilaci\u00f3n de los documentos requeridos hasta su carga en la plataforma correspondiente, pasando por la correlaci\u00f3n de tu cargo actual con el que te vas a jubilar, nos encargaremos de todo para que t\u00fa solo tengas que dar el visto bueno y enviarlo.<\/p>\n\n\n\n<p> Adem\u00e1s de esta asistencia pr\u00e1ctica, recibir\u00e1s un informe detallado que abarcar\u00e1 todos los aspectos relevantes de tu situaci\u00f3n jubilatoria, incluyendo el c\u00e1lculo de tu porcentaje de jubilaci\u00f3n, el cargo de mayor jerarqu\u00eda, cargos simult\u00e1neos, el monto a percibir y una explicaci\u00f3n completa sobre la modalidad de jubilaci\u00f3n digital, entre otros detalles esenciales.<\/p>\n\n\n\n<p>Dicho servicio tiene un honorario de $ 50.000 y una vez abonado se solicita la documentaci\u00f3n , se pacta la entrevista y luego se entrega la documentaci\u00f3n con la carga en el abc de la documentaci\u00f3n, all\u00ed culmina el servicio.<\/p>\n\n\n\n<p>\u00a1Gracias por tu inter\u00e9s en nuestro servicio! <\/p>\n\n\n\n<p>Si deseas contratar el mismo, por favor env\u00edanos tu n\u00famero de celular y te contactaremos para los pr\u00f3ximos pasos.\u00bb<\/p>\n\n\n\n<p>Atentamente Dra Mar\u00eda Micaela Lazzatti ( abogada especializada en Derecho Previsional Docente)<\/p>\n\n\n\n<p><\/p>\n","protected":false},"excerpt":{"rendered":"<p>NUEVO SERVICIO PARA DOCENTES QUE DESEEN TRAMITAR SU JUBILACI\u00d3N. Nos enorgullece lanzar en exclusiva un SERVICIO INTEGRAL dise\u00f1ado espec\u00edficamente para aquellos docentes que desean llevar adelante su tr\u00e1mite jubilatorio de forma aut\u00f3noma pero eficiente. Este servicio no solo se limita a brindarte asesoramiento personalizado, sino que tambi\u00e9n incluye una entrevista detallada con nuestro equipo experto, &hellip; <a href=\"https:\/\/www.legaleslaplata.com.ar\/blog\/jubilacion-digital-docente\/\" class=\"more-link\">Sigue leyendo <span class=\"screen-reader-text\">JUBILACI\u00d3N DIGITAL DOCENTE.<\/span><\/a><\/p>\n","protected":false},"author":2,"featured_media":0,"parent":0,"menu_order":0,"comment_status":"closed","ping_status":"closed","template":"","meta":{"footnotes":""},"class_list":["post-1907","page","type-page","status-publish","hentry"],"_links":{"self":[{"href":"https:\/\/www.legaleslaplata.com.ar\/blog\/wp-json\/wp\/v2\/pages\/1907","targetHints":{"allow":["GET"]}}],"collection":[{"href":"https:\/\/www.legaleslaplata.com.ar\/blog\/wp-json\/wp\/v2\/pages"}],"about":[{"href":"https:\/\/www.legaleslaplata.com.ar\/blog\/wp-json\/wp\/v2\/types\/page"}],"author":[{"embeddable":true,"href":"https:\/\/www.legaleslaplata.com.ar\/blog\/wp-json\/wp\/v2\/users\/2"}],"replies":[{"embeddable":true,"href":"https:\/\/www.legaleslaplata.com.ar\/blog\/wp-json\/wp\/v2\/comments?post=1907"}],"version-history":[{"count":1,"href":"https:\/\/www.legaleslaplata.com.ar\/blog\/wp-json\/wp\/v2\/pages\/1907\/revisions"}],"predecessor-version":[{"id":1908,"href":"https:\/\/www.legaleslaplata.com.ar\/blog\/wp-json\/wp\/v2\/pages\/1907\/revisions\/1908"}],"wp:attachment":[{"href":"https:\/\/www.legaleslaplata.com.ar\/blog\/wp-json\/wp\/v2\/media?parent=1907"}],"curies":[{"name":"wp","href":"https:\/\/api.w.org\/{rel}","templated":true}]}}