{"id":1904,"date":"2024-04-24T13:34:55","date_gmt":"2024-04-24T16:34:55","guid":{"rendered":"https:\/\/www.legaleslaplata.com.ar\/blog\/?page_id=1904"},"modified":"2024-04-24T13:34:55","modified_gmt":"2024-04-24T16:34:55","slug":"taller-exclusivo-para-auxiliares-de-la-direccion-general-de-escuelas","status":"publish","type":"page","link":"https:\/\/www.legaleslaplata.com.ar\/blog\/taller-exclusivo-para-auxiliares-de-la-direccion-general-de-escuelas\/","title":{"rendered":"TALLER EXCLUSIVO PARA AUXILIARES DE LA DIRECCION GENERAL DE ESCUELAS"},"content":{"rendered":"\n<p>\u00bfLista para preparar tu jubilaci\u00f3n de manera sencilla y efectiva? <\/p>\n\n\n\n<p>Te presento el \u00abTaller de Jubilaci\u00f3n para Auxiliares\u00bb, dise\u00f1ado especialmente para vos.<\/p>\n\n\n\n<p><strong>Detalles del Curso:<\/strong><\/p>\n\n\n\n<ul class=\"wp-block-list\">\n<li><strong>Inicio:<\/strong> 6 de mayo 2024<\/li>\n\n\n\n<li><strong>Modalidad:<\/strong> Virtual (desde casa)<\/li>\n\n\n\n<li><strong>Duraci\u00f3n:<\/strong> 3 clases de 2 horas cada una.-<\/li>\n\n\n\n<li>Material: Apuntes claros y precisos<\/li>\n<\/ul>\n\n\n\n<p><strong>Lo que Aprender\u00e1s:<\/strong><\/p>\n\n\n\n<p><strong>SOBRE TU JUBILACI\u00d3N:<\/strong><\/p>\n\n\n\n<ul class=\"wp-block-list\">\n<li>Descubr\u00ed qu\u00e9 tipo de jubilaci\u00f3n te conviene.<\/li>\n\n\n\n<li>Aprend\u00e9 a calcular tus a\u00f1os de servicios.<\/li>\n\n\n\n<li>Conoc\u00e9 las opciones disponibles para iniciar tu jubilaci\u00f3n, que te conviene hacer,  un cierre condicionado de c\u00f3mputos o el cese con ANTICIPO JUBILATORIO<\/li>\n<\/ul>\n\n\n\n<p><strong>C\u00e1lculo de Beneficios:<\/strong><\/p>\n\n\n\n<ul class=\"wp-block-list\">\n<li>Vas a poder calcular cu\u00e1nto recibir\u00e1s como jubilado\/a.<\/li>\n\n\n\n<li>Si te decid\u00eds por el cese con anticipo jubilatorio, calulamos cuanto vas a cobrar de anticipo para organizarte mejor.<\/li>\n<\/ul>\n\n\n\n<p><strong>Proceso de Jubilaci\u00f3n:<\/strong><\/p>\n\n\n\n<ul class=\"wp-block-list\">\n<li>Aprende los pasos para iniciar tu tr\u00e1mite.<\/li>\n\n\n\n<li>Descubr\u00ed c\u00f3mo evitar demoras en el proceso.<\/li>\n<\/ul>\n\n\n\n<p><strong>Caracter\u00edsticas del Taller:<\/strong><\/p>\n\n\n\n<ul class=\"wp-block-list\">\n<li>Exclusivo para auxiliares.<\/li>\n\n\n\n<li>F\u00e1cil de entender y sin complicaciones.<\/li>\n\n\n\n<li>Cupos limitados para una atenci\u00f3n personalizada.<\/li>\n<\/ul>\n\n\n\n<p><strong>Inversi\u00f3n:<\/strong> $30,000. Con este taller, tendr\u00e1s todo lo necesario para gestionar tu jubilaci\u00f3n de manera clara y efectiva.<\/p>\n\n\n\n<p>Docente: Maria Micaela Lazzatti ( abogada especialista en temas previsionales)<\/p>\n\n\n\n<p>\u00a1Si deseas inscribirte, m\u00e1ndanos un mensaje de WhatsApp al 221 4882201! No pierdas la oportunidad de asegurar tu futuro. \u00a1Inscr\u00edbete ahora y prep\u00e1rate para una jubilaci\u00f3n sin complicaciones!<\/p>\n","protected":false},"excerpt":{"rendered":"<p>\u00bfLista para preparar tu jubilaci\u00f3n de manera sencilla y efectiva? Te presento el \u00abTaller de Jubilaci\u00f3n para Auxiliares\u00bb, dise\u00f1ado especialmente para vos. Detalles del Curso: Lo que Aprender\u00e1s: SOBRE TU JUBILACI\u00d3N: C\u00e1lculo de Beneficios: Proceso de Jubilaci\u00f3n: Caracter\u00edsticas del Taller: Inversi\u00f3n: $30,000. Con este taller, tendr\u00e1s todo lo necesario para gestionar tu jubilaci\u00f3n de manera &hellip; <a href=\"https:\/\/www.legaleslaplata.com.ar\/blog\/taller-exclusivo-para-auxiliares-de-la-direccion-general-de-escuelas\/\" class=\"more-link\">Sigue leyendo <span class=\"screen-reader-text\">TALLER EXCLUSIVO PARA AUXILIARES DE LA DIRECCION GENERAL DE ESCUELAS<\/span><\/a><\/p>\n","protected":false},"author":2,"featured_media":0,"parent":0,"menu_order":0,"comment_status":"closed","ping_status":"closed","template":"","meta":{"footnotes":""},"class_list":["post-1904","page","type-page","status-publish","hentry"],"_links":{"self":[{"href":"https:\/\/www.legaleslaplata.com.ar\/blog\/wp-json\/wp\/v2\/pages\/1904","targetHints":{"allow":["GET"]}}],"collection":[{"href":"https:\/\/www.legaleslaplata.com.ar\/blog\/wp-json\/wp\/v2\/pages"}],"about":[{"href":"https:\/\/www.legaleslaplata.com.ar\/blog\/wp-json\/wp\/v2\/types\/page"}],"author":[{"embeddable":true,"href":"https:\/\/www.legaleslaplata.com.ar\/blog\/wp-json\/wp\/v2\/users\/2"}],"replies":[{"embeddable":true,"href":"https:\/\/www.legaleslaplata.com.ar\/blog\/wp-json\/wp\/v2\/comments?post=1904"}],"version-history":[{"count":2,"href":"https:\/\/www.legaleslaplata.com.ar\/blog\/wp-json\/wp\/v2\/pages\/1904\/revisions"}],"predecessor-version":[{"id":1906,"href":"https:\/\/www.legaleslaplata.com.ar\/blog\/wp-json\/wp\/v2\/pages\/1904\/revisions\/1906"}],"wp:attachment":[{"href":"https:\/\/www.legaleslaplata.com.ar\/blog\/wp-json\/wp\/v2\/media?parent=1904"}],"curies":[{"name":"wp","href":"https:\/\/api.w.org\/{rel}","templated":true}]}}