{"id":1858,"date":"2023-09-07T11:12:17","date_gmt":"2023-09-07T14:12:17","guid":{"rendered":"https:\/\/www.legaleslaplata.com.ar\/blog\/?page_id=1858"},"modified":"2023-09-07T12:57:23","modified_gmt":"2023-09-07T15:57:23","slug":"estado-de-tramite","status":"publish","type":"page","link":"https:\/\/www.legaleslaplata.com.ar\/blog\/estado-de-tramite\/","title":{"rendered":"Estado de Tr\u00e1mite"},"content":{"rendered":"\n<p> Estamos aqu\u00ed para ayudarle y queremos asegurarnos de proporcionarle la informaci\u00f3n m\u00e1s precisa y detallada posible. <\/p>\n\n\n\n<p>Por favor, le solicitamos que nos env\u00ede un <img loading=\"lazy\" decoding=\"async\" width=\"40\" height=\"40\" class=\"wp-image-1644\" style=\"width: 40px;\" src=\"http:\/\/www.legaleslaplata.com.ar\/blog\/wp-content\/uploads\/whatsapplogo100.png\" alt=\"\"> <strong> <a href=\"http:\/\/wa.me\/5492214771376\" target=\"_blank\" rel=\"noreferrer noopener\" style=\"color:#079400\">WhatsApp<\/a> <\/strong> por escrito <\/p>\n\n\n\n<p><strong><mark style=\"background-color:rgba(0, 0, 0, 0)\" class=\"has-inline-color has-medium-pink-color\">\u00bb SOLICITO ESTADO DE TR\u00c1MITE\u00bb<\/mark>  <\/strong>y que  incluya <strong><mark style=\"background-color:rgba(0, 0, 0, 0)\" class=\"has-inline-color has-yellow-color\"> <\/mark><mark style=\"background-color:rgba(0, 0, 0, 0)\" class=\"has-inline-color has-medium-pink-color\">EL TIPO DE TR\u00c1MITE QUE LA DRA ESTA GESTIONANDO POR USTED <\/mark><mark style=\"background-color:rgba(0, 0, 0, 0)\" class=\"has-inline-color has-yellow-color\"> <\/mark><\/strong>(por ejemplo, jubilaci\u00f3n autom\u00e1tica, Jubilaci\u00f3n Digital, reclamo, reajuste, reconocimiento de servicios, recursos de revocatoria, etc.). <\/p>\n\n\n\n<p>Por ejemplo: Solicito estado de mi tr\u00e1mite jubilatorio de Reajuste<\/p>\n\n\n\n<p>Esto nos permitir\u00e1 agilizar la respuesta a su consulta y brindarle el mejor servicio posible. \u00a1Estamos ansiosos por ayudarle!\u00bb<\/p>\n\n\n\n<p>Para ayudarle a que lo gestione m\u00e1s r\u00e1pido haga <strong> <a href=\"http:\/\/wa.me\/5492214771376\" target=\"_blank\" rel=\"noreferrer noopener\" style=\"color:#079400\">click ac\u00e1<\/a> <\/strong> para volver al <img loading=\"lazy\" decoding=\"async\" width=\"40\" height=\"40\" class=\"wp-image-1644\" style=\"width: 40px;\" src=\"http:\/\/www.legaleslaplata.com.ar\/blog\/wp-content\/uploads\/whatsapplogo100.png\" alt=\"\"> <strong> <a href=\"http:\/\/wa.me\/5492214771376\" target=\"_blank\" rel=\"noreferrer noopener\" style=\"color:#079400\">WhatsApp<\/a> <\/strong><\/p>\n\n\n\n<p><img loading=\"lazy\" decoding=\"async\" width=\"40\" height=\"40\" class=\"wp-image-1644\" style=\"width: 40px;\" src=\"http:\/\/www.legaleslaplata.com.ar\/blog\/wp-content\/uploads\/whatsapplogo100.png\" alt=\"\"><strong> <a href=\"http:\/\/wa.me\/5492214771376\" target=\"_blank\" rel=\"noreferrer noopener\" style=\"color:#079400\">WHATSAPP 221-4771376<\/a> <\/strong><\/p>\n\n\n\n<p><\/p>\n","protected":false},"excerpt":{"rendered":"<p>Estamos aqu\u00ed para ayudarle y queremos asegurarnos de proporcionarle la informaci\u00f3n m\u00e1s precisa y detallada posible. Por favor, le solicitamos que nos env\u00ede un WhatsApp por escrito \u00bb SOLICITO ESTADO DE TR\u00c1MITE\u00bb y que incluya EL TIPO DE TR\u00c1MITE QUE LA DRA ESTA GESTIONANDO POR USTED (por ejemplo, jubilaci\u00f3n autom\u00e1tica, Jubilaci\u00f3n Digital, reclamo, reajuste, reconocimiento &hellip; <a href=\"https:\/\/www.legaleslaplata.com.ar\/blog\/estado-de-tramite\/\" class=\"more-link\">Sigue leyendo <span class=\"screen-reader-text\">Estado de Tr\u00e1mite<\/span><\/a><\/p>\n","protected":false},"author":2,"featured_media":0,"parent":0,"menu_order":0,"comment_status":"closed","ping_status":"closed","template":"","meta":{"footnotes":""},"class_list":["post-1858","page","type-page","status-publish","hentry"],"_links":{"self":[{"href":"https:\/\/www.legaleslaplata.com.ar\/blog\/wp-json\/wp\/v2\/pages\/1858","targetHints":{"allow":["GET"]}}],"collection":[{"href":"https:\/\/www.legaleslaplata.com.ar\/blog\/wp-json\/wp\/v2\/pages"}],"about":[{"href":"https:\/\/www.legaleslaplata.com.ar\/blog\/wp-json\/wp\/v2\/types\/page"}],"author":[{"embeddable":true,"href":"https:\/\/www.legaleslaplata.com.ar\/blog\/wp-json\/wp\/v2\/users\/2"}],"replies":[{"embeddable":true,"href":"https:\/\/www.legaleslaplata.com.ar\/blog\/wp-json\/wp\/v2\/comments?post=1858"}],"version-history":[{"count":5,"href":"https:\/\/www.legaleslaplata.com.ar\/blog\/wp-json\/wp\/v2\/pages\/1858\/revisions"}],"predecessor-version":[{"id":1895,"href":"https:\/\/www.legaleslaplata.com.ar\/blog\/wp-json\/wp\/v2\/pages\/1858\/revisions\/1895"}],"wp:attachment":[{"href":"https:\/\/www.legaleslaplata.com.ar\/blog\/wp-json\/wp\/v2\/media?parent=1858"}],"curies":[{"name":"wp","href":"https:\/\/api.w.org\/{rel}","templated":true}]}}