{"id":1609,"date":"2021-10-13T19:00:22","date_gmt":"2021-10-13T22:00:22","guid":{"rendered":"https:\/\/www.legaleslaplata.com.ar\/blog\/?page_id=1609"},"modified":"2023-08-30T11:28:58","modified_gmt":"2023-08-30T14:28:58","slug":"libro","status":"publish","type":"page","link":"https:\/\/www.legaleslaplata.com.ar\/blog\/libro\/","title":{"rendered":"Libro"},"content":{"rendered":"\n<h2 class=\"wp-block-heading\">Mi Jubilaci\u00f3n Docente (Edici\u00f3n Digital)<\/h2>\n\n\n\n<figure class=\"wp-block-image size-medium is-style-default\"><a href=\"http:\/\/www.legaleslaplata.com.ar\/blog\/wp-content\/uploads\/Mi-Jubilaci\u00f3n-Docente-2020-Indice.pdf\"><img loading=\"lazy\" decoding=\"async\" width=\"212\" height=\"300\" src=\"https:\/\/www.legaleslaplata.com.ar\/blog\/wp-content\/uploads\/TapaLibro2020-212x300.png\" alt=\"Libro Mi Jubilacion Docente\" class=\"wp-image-1603\" srcset=\"https:\/\/www.legaleslaplata.com.ar\/blog\/wp-content\/uploads\/TapaLibro2020-212x300.png 212w, https:\/\/www.legaleslaplata.com.ar\/blog\/wp-content\/uploads\/TapaLibro2020-424x600.png 424w, https:\/\/www.legaleslaplata.com.ar\/blog\/wp-content\/uploads\/TapaLibro2020.png 480w\" sizes=\"auto, (max-width: 212px) 100vw, 212px\" \/><\/a><figcaption class=\"wp-element-caption\">Edici\u00f3n Digital &#8211; 2da ed. a\u00f1o 2020 &#8211; 180 p\u00e1ginas<\/figcaption><\/figure>\n\n\n\n<p>INFORMACI\u00d3N SOBRE LIBRO DIGITAL MI JUBILACI\u00d3N DOCENTE<\/p>\n\n\n\n<p>Mi nombre es Mar\u00eda Micaela Lazzatti, soy Abogada y desde hace m\u00e1s de 17 a\u00f1os me especializo en Derecho Previsional Docente.<\/p>\n\n\n\n<p><\/p>\n\n\n\n<p>El libro ya est\u00e1 disponible. Le cuento un poco que contiene. Es el libro DIGITAL \u00bb Mi Jubilaci\u00f3n Docente \u00ab<\/p>\n\n\n\n<p>Usted encontrar\u00e1 informaci\u00f3n de la jubilaci\u00f3n Docente en general para que usted pueda a traves de \u00e9sta informaci\u00f3n saber como es su situaci\u00f3n previsional.<\/p>\n\n\n\n<p>Contiene informaci\u00f3n sobre: C\u00f3mputo de servicios, porcentaje jubilatorio, Cargo de mayor jerarqu\u00eda, cargo simult\u00e1neo, ruralidad, licencias extraordinarias, como afectan las mismas en la jubilaci\u00f3n docente. <\/p>\n\n\n\n<p>Reconocimiento de servicios de Anses, Reclamos , Reajuste .<\/p>\n\n\n\n<p>Jubilaci\u00f3n Digital, cerificaciones  en colegios privados y mucho m\u00e1s. ..<\/p>\n\n\n\n<p><\/p>\n\n\n\n<p><\/p>\n\n\n\n<p><\/p>\n\n\n\n<p>La inversi\u00f3n del mismo es de $ 2000  y lo puede abonar por cuenta DNI del Banco Provincia o por transferencia bancaria.<\/p>\n\n\n\n<p>Le env\u00edo a continuaci\u00f3n el detalle de cada uno de ellos para que elija en el caso de querer adquirirlo los datos para el pago.<br><\/p>\n\n\n\n<p><strong>CUENTA DNI del Banco Provincia<\/strong>.<br>DNI 26.928.690<br>MARIA MICAELA LAZZATTI<\/p>\n\n\n\n<p><br><strong>Para transferencia Bancaria:<\/strong><br>Caja de ahorros del Banco de la Provincia de Buenos Aires<br>Sucursal 02000 a nombre de Lazzatti Mar\u00eda Micaela<br><strong>ALIAS:<\/strong> legaleslaplata <br><strong>N\u00ba de cuenta:<\/strong> 5321255<br><strong>Cbu:<\/strong> 0140999803200053212552<br><strong>Cuit:<\/strong> 27-26928690-9<\/p>\n\n\n\n<p><img loading=\"lazy\" decoding=\"async\" width=\"100\" height=\"63\" class=\"wp-image-1811\" style=\"width: 100px;\" src=\"http:\/\/www.legaleslaplata.com.ar\/blog\/wp-content\/uploads\/index.png\" alt=\"\">Cuando realice el pago, env\u00ede por  <img loading=\"lazy\" decoding=\"async\" width=\"40\" height=\"40\" class=\"wp-image-1644\" style=\"width: 40px;\" src=\"http:\/\/www.legaleslaplata.com.ar\/blog\/wp-content\/uploads\/whatsapplogo100.png\" alt=\"\">  <a class=\"has-text-color\" style=\"color:#079400\" href=\"http:\/\/wa.me\/5492214771376\">WHATSAPP<\/a> el comprobante del mismo.       <strong><a class=\"has-text-color\" style=\"color:#079400\" href=\"http:\/\/wa.me\/5492214771376\">CLICK AQUI<\/a> <\/strong> &#8211; Indicando <strong>NOMBRE<\/strong> y <strong>APELLIDO<\/strong><\/p>\n\n\n\n<p class=\"has-text-color\" style=\"color:#22a300\"><img loading=\"lazy\" decoding=\"async\" width=\"50\" height=\"50\" class=\"wp-image-1644\" style=\"width: 50px;\" src=\"http:\/\/www.legaleslaplata.com.ar\/blog\/wp-content\/uploads\/whatsapplogo100.png\" alt=\"\"><strong> 2214771376<\/strong><\/p>\n\n\n\n<p>Que tenga un excelente d\u00eda \ud83d\ude4b \ud83d\udcab<\/p>\n","protected":false},"excerpt":{"rendered":"<p>Mi Jubilaci\u00f3n Docente (Edici\u00f3n Digital) INFORMACI\u00d3N SOBRE LIBRO DIGITAL MI JUBILACI\u00d3N DOCENTE Mi nombre es Mar\u00eda Micaela Lazzatti, soy Abogada y desde hace m\u00e1s de 17 a\u00f1os me especializo en Derecho Previsional Docente. El libro ya est\u00e1 disponible. Le cuento un poco que contiene. Es el libro DIGITAL \u00bb Mi Jubilaci\u00f3n Docente \u00ab Usted encontrar\u00e1 &hellip; <a href=\"https:\/\/www.legaleslaplata.com.ar\/blog\/libro\/\" class=\"more-link\">Sigue leyendo <span class=\"screen-reader-text\">Libro<\/span><\/a><\/p>\n","protected":false},"author":2,"featured_media":0,"parent":0,"menu_order":0,"comment_status":"closed","ping_status":"closed","template":"","meta":{"footnotes":""},"class_list":["post-1609","page","type-page","status-publish","hentry"],"_links":{"self":[{"href":"https:\/\/www.legaleslaplata.com.ar\/blog\/wp-json\/wp\/v2\/pages\/1609","targetHints":{"allow":["GET"]}}],"collection":[{"href":"https:\/\/www.legaleslaplata.com.ar\/blog\/wp-json\/wp\/v2\/pages"}],"about":[{"href":"https:\/\/www.legaleslaplata.com.ar\/blog\/wp-json\/wp\/v2\/types\/page"}],"author":[{"embeddable":true,"href":"https:\/\/www.legaleslaplata.com.ar\/blog\/wp-json\/wp\/v2\/users\/2"}],"replies":[{"embeddable":true,"href":"https:\/\/www.legaleslaplata.com.ar\/blog\/wp-json\/wp\/v2\/comments?post=1609"}],"version-history":[{"count":54,"href":"https:\/\/www.legaleslaplata.com.ar\/blog\/wp-json\/wp\/v2\/pages\/1609\/revisions"}],"predecessor-version":[{"id":1853,"href":"https:\/\/www.legaleslaplata.com.ar\/blog\/wp-json\/wp\/v2\/pages\/1609\/revisions\/1853"}],"wp:attachment":[{"href":"https:\/\/www.legaleslaplata.com.ar\/blog\/wp-json\/wp\/v2\/media?parent=1609"}],"curies":[{"name":"wp","href":"https:\/\/api.w.org\/{rel}","templated":true}]}}