{"id":1607,"date":"2020-07-15T13:49:07","date_gmt":"2020-07-15T16:49:07","guid":{"rendered":"https:\/\/www.legaleslaplata.com.ar\/blog\/?page_id=1607"},"modified":"2025-12-26T12:51:28","modified_gmt":"2025-12-26T15:51:28","slug":"asesoramiento","status":"publish","type":"page","link":"https:\/\/www.legaleslaplata.com.ar\/blog\/asesoramiento\/","title":{"rendered":"Asesoramiento Docente"},"content":{"rendered":"\n<p class=\"has-text-align-left\"><img loading=\"lazy\" decoding=\"async\" width=\"150\" height=\"150\" class=\"wp-image-1699\" style=\"width: 150px;\" src=\"http:\/\/www.legaleslaplata.com.ar\/blog\/wp-content\/uploads\/Venta_asesoramiento_mp-1.png\" alt=\"\" srcset=\"https:\/\/www.legaleslaplata.com.ar\/blog\/wp-content\/uploads\/Venta_asesoramiento_mp-1.png 1024w, https:\/\/www.legaleslaplata.com.ar\/blog\/wp-content\/uploads\/Venta_asesoramiento_mp-1-300x300.png 300w, https:\/\/www.legaleslaplata.com.ar\/blog\/wp-content\/uploads\/Venta_asesoramiento_mp-1-600x600.png 600w, https:\/\/www.legaleslaplata.com.ar\/blog\/wp-content\/uploads\/Venta_asesoramiento_mp-1-150x150.png 150w, https:\/\/www.legaleslaplata.com.ar\/blog\/wp-content\/uploads\/Venta_asesoramiento_mp-1-768x768.png 768w\" sizes=\"auto, (max-width: 150px) 100vw, 150px\" \/><\/p>\n\n\n\n<p>Muchas gracias por su consulta. Le comento que me dedico de manera especializada al <strong>derecho previsional docente<\/strong>, brindando asesoramiento personalizado para quienes est\u00e1n pr\u00f3ximos a jubilarse o ya jubilados y necesitan revisar su beneficio.<\/p>\n\n\n\n<p>En el asesoramiento vemos juntos su situaci\u00f3n particular, aclaramos dudas, revisamos documentaci\u00f3n y definimos los pasos concretos a seguir seg\u00fan su caso.<\/p>\n\n\n\n<p>Le cuento c\u00f3mo trabajo, as\u00ed puede elegir la modalidad que le quede m\u00e1s c\u00f3moda:<\/p>\n\n\n\n<ul class=\"wp-block-list\">\n<li><strong>Consulta presencial<\/strong> en La Plata.<\/li>\n\n\n\n<li><strong>Consulta a distancia<\/strong> por videollamada.<\/li>\n<\/ul>\n\n\n\n<p>En \u00e9ste video le cuento en que consiste el asesoramiento para docentes que deseen jubilarse y quieran informarse<\/p>\n\n\n\n<figure class=\"wp-block-embed is-type-wp-embed is-provider-estudio-jur-dico-legaleslaplata wp-block-embed-estudio-jur-dico-legaleslaplata\"><div class=\"wp-block-embed__wrapper\">\n<blockquote class=\"wp-embedded-content\" data-secret=\"AAqDrUNw0o\"><a href=\"https:\/\/www.legaleslaplata.com.ar\/blog\/video-asesoramiento-2\/\">Video Asesoramiento<\/a><\/blockquote><iframe loading=\"lazy\" class=\"wp-embedded-content\" sandbox=\"allow-scripts\" security=\"restricted\" style=\"position: absolute; visibility: hidden;\" title=\"\u00abVideo Asesoramiento\u00bb \u2014 Estudio Jur\u00eddico Legaleslaplata\" src=\"https:\/\/www.legaleslaplata.com.ar\/blog\/video-asesoramiento-2\/embed\/#?secret=8UrTMlDsha#?secret=AAqDrUNw0o\" data-secret=\"AAqDrUNw0o\" width=\"600\" height=\"338\" frameborder=\"0\" marginwidth=\"0\" marginheight=\"0\" scrolling=\"no\"><\/iframe>\n<\/div><\/figure>\n\n\n\n<p>En cualquiera de las dos opciones, la idea es la misma: que pueda despejar todas sus dudas sobre su situaci\u00f3n previsional. Ya sea que est\u00e9 por jubilarse, que todav\u00eda le falte un tiempo, o incluso si ya est\u00e1 jubilado\/a y desea revisar si su haber est\u00e1 bien calculado o corresponde hacer alg\u00fan reclamo.<\/p>\n\n\n\n<p>La entrevista tiene un costo de <strong>$ <\/strong>30.000 que usted puede abonar por transferencia bancaria.<\/p>\n\n\n\n<p>Si desea tomar una entrevista le env\u00edo los datos de la cuenta para realizar la transferencia. Una vez realizada me env\u00eda POR WHATSAPP una foto del dep\u00f3sito y le otorgo el turno para la entrevista.-<\/p>\n\n\n\n<p><img loading=\"lazy\" decoding=\"async\" width=\"150\" height=\"73\" class=\"wp-image-1702\" style=\"width: 150px;\" src=\"http:\/\/www.legaleslaplata.com.ar\/blog\/wp-content\/uploads\/mercado-pago-covid.jpg\" alt=\"\" srcset=\"https:\/\/www.legaleslaplata.com.ar\/blog\/wp-content\/uploads\/mercado-pago-covid.jpg 512w, https:\/\/www.legaleslaplata.com.ar\/blog\/wp-content\/uploads\/mercado-pago-covid-300x146.jpg 300w\" sizes=\"auto, (max-width: 150px) 100vw, 150px\" \/><br>Maria Micaela Lazzatti<br>CVU: 0000003100171669447858<br>Alias: micaelalazzatti.mp<br>CUIT\/CUIL: 27269286909<\/p>\n\n\n\n<p><img loading=\"lazy\" decoding=\"async\" width=\"100\" height=\"63\" class=\"wp-image-1811\" style=\"width: 100px;\" src=\"http:\/\/www.legaleslaplata.com.ar\/blog\/wp-content\/uploads\/index.png\" alt=\"\">Cuando realice el pago, env\u00ede por <img loading=\"lazy\" decoding=\"async\" width=\"40\" height=\"40\" class=\"wp-image-1644\" style=\"width: 40px;\" src=\"http:\/\/www.legaleslaplata.com.ar\/blog\/wp-content\/uploads\/whatsapplogo100.png\" alt=\"\"> <a style=\"color:#079400\" href=\"http:\/\/wa.me\/5492214771376\" target=\"_blank\" rel=\"noreferrer noopener\">WHATSAPP<\/a> el comprobante del mismo. <strong><a style=\"color:#079400\" href=\"http:\/\/wa.me\/5492214771376\" class=\"has-text-color\">CLICK AQUI<\/a> <\/strong><br> Indicando <strong>NOMBRE<\/strong> y <strong>APELLIDO<\/strong>, y si desea la consulta <strong>PRESENCIAL<\/strong> o <strong>VIRTUAL<\/strong> y le otorgaremos el turno respectivo.<\/p>\n\n\n\n<p>Muchas gracias !<\/p>\n\n\n\n<p>Maria Micaela Lazzatti<\/p>\n\n\n\n<p><\/p>\n\n\n\n<p><\/p>\n","protected":false},"excerpt":{"rendered":"<p>Muchas gracias por su consulta. Le comento que me dedico de manera especializada al derecho previsional docente, brindando asesoramiento personalizado para quienes est\u00e1n pr\u00f3ximos a jubilarse o ya jubilados y necesitan revisar su beneficio. En el asesoramiento vemos juntos su situaci\u00f3n particular, aclaramos dudas, revisamos documentaci\u00f3n y definimos los pasos concretos a seguir seg\u00fan su &hellip; <a href=\"https:\/\/www.legaleslaplata.com.ar\/blog\/asesoramiento\/\" class=\"more-link\">Sigue leyendo <span class=\"screen-reader-text\">Asesoramiento Docente<\/span><\/a><\/p>\n","protected":false},"author":2,"featured_media":0,"parent":0,"menu_order":0,"comment_status":"closed","ping_status":"closed","template":"","meta":{"footnotes":""},"class_list":["post-1607","page","type-page","status-publish","hentry"],"_links":{"self":[{"href":"https:\/\/www.legaleslaplata.com.ar\/blog\/wp-json\/wp\/v2\/pages\/1607","targetHints":{"allow":["GET"]}}],"collection":[{"href":"https:\/\/www.legaleslaplata.com.ar\/blog\/wp-json\/wp\/v2\/pages"}],"about":[{"href":"https:\/\/www.legaleslaplata.com.ar\/blog\/wp-json\/wp\/v2\/types\/page"}],"author":[{"embeddable":true,"href":"https:\/\/www.legaleslaplata.com.ar\/blog\/wp-json\/wp\/v2\/users\/2"}],"replies":[{"embeddable":true,"href":"https:\/\/www.legaleslaplata.com.ar\/blog\/wp-json\/wp\/v2\/comments?post=1607"}],"version-history":[{"count":44,"href":"https:\/\/www.legaleslaplata.com.ar\/blog\/wp-json\/wp\/v2\/pages\/1607\/revisions"}],"predecessor-version":[{"id":1993,"href":"https:\/\/www.legaleslaplata.com.ar\/blog\/wp-json\/wp\/v2\/pages\/1607\/revisions\/1993"}],"wp:attachment":[{"href":"https:\/\/www.legaleslaplata.com.ar\/blog\/wp-json\/wp\/v2\/media?parent=1607"}],"curies":[{"name":"wp","href":"https:\/\/api.w.org\/{rel}","templated":true}]}}